{"id":18,"date":"2020-12-17T10:01:50","date_gmt":"2020-12-17T10:01:50","guid":{"rendered":"https:\/\/2gon.ch\/?page_id=18"},"modified":"2022-01-28T10:59:30","modified_gmt":"2022-01-28T09:59:30","slug":"kontakt","status":"publish","type":"page","link":"https:\/\/2gon.ch\/?page_id=18","title":{"rendered":"Kontakt"},"content":{"rendered":"\n<p>Kontaktieren Sie uns, wenn Sie weitere Informationen zu unseren Produkten und Dienstleistungen w\u00fcnschen. Unser erfahrener Kundenservice hilft Ihnen, das Gew\u00fcnschte zu finden und ber\u00e4t Sie gern zu weiteren Einzelheiten. &nbsp;Aus Sicherheitsgr\u00fcnden und zu Schulungszwecken k\u00f6nnen Telefongespr\u00e4che mit unserem Kundenservice-Team aufgezeichnet und \u00fcberwacht werden.<\/p>\n\n\n\n<p>2gon gmbh<\/p>\n\n\n\n<p>Vorholzstrasse 21, Unterseen, Schweiz<\/p>\n\n\n\n<p>Telefonnummer: +41 79 2729911<\/p>\n\n\n\n<p>E-Mail-Adresse: info@2gon.ch  <\/p>\n","protected":false},"excerpt":{"rendered":"<p>Kontaktieren Sie uns, wenn Sie weitere Informationen zu unseren Produkten und Dienstleistungen w\u00fcnschen. Unser erfahrener Kundenservice hilft Ihnen, das Gew\u00fcnschte zu finden und ber\u00e4t Sie gern zu weiteren Einzelheiten. &nbsp;Aus Sicherheitsgr\u00fcnden und zu Schulungszwecken k\u00f6nnen Telefongespr\u00e4che mit unserem Kundenservice-Team aufgezeichnet und \u00fcberwacht werden. 2gon gmbh Vorholzstrasse 21, Unterseen, Schweiz Telefonnummer: +41 79 2729911 E-Mail-Adresse: info@2gon.ch<\/p>\n","protected":false},"author":1,"featured_media":0,"parent":0,"menu_order":0,"comment_status":"closed","ping_status":"closed","template":"","meta":{"footnotes":""},"class_list":["post-18","page","type-page","status-publish","hentry"],"_links":{"self":[{"href":"https:\/\/2gon.ch\/index.php?rest_route=\/wp\/v2\/pages\/18","targetHints":{"allow":["GET"]}}],"collection":[{"href":"https:\/\/2gon.ch\/index.php?rest_route=\/wp\/v2\/pages"}],"about":[{"href":"https:\/\/2gon.ch\/index.php?rest_route=\/wp\/v2\/types\/page"}],"author":[{"embeddable":true,"href":"https:\/\/2gon.ch\/index.php?rest_route=\/wp\/v2\/users\/1"}],"replies":[{"embeddable":true,"href":"https:\/\/2gon.ch\/index.php?rest_route=%2Fwp%2Fv2%2Fcomments&post=18"}],"version-history":[{"count":3,"href":"https:\/\/2gon.ch\/index.php?rest_route=\/wp\/v2\/pages\/18\/revisions"}],"predecessor-version":[{"id":59,"href":"https:\/\/2gon.ch\/index.php?rest_route=\/wp\/v2\/pages\/18\/revisions\/59"}],"wp:attachment":[{"href":"https:\/\/2gon.ch\/index.php?rest_route=%2Fwp%2Fv2%2Fmedia&parent=18"}],"curies":[{"name":"wp","href":"https:\/\/api.w.org\/{rel}","templated":true}]}}