{"id":71,"date":"2023-02-28T14:57:50","date_gmt":"2023-02-28T13:57:50","guid":{"rendered":"https:\/\/2gon.ch\/?page_id=71"},"modified":"2023-03-15T14:03:06","modified_gmt":"2023-03-15T13:03:06","slug":"datenschutz","status":"publish","type":"page","link":"https:\/\/2gon.ch\/?page_id=71","title":{"rendered":"Datenschutz"},"content":{"rendered":"\n<p>Datenschutz bedingt technische und organisatorische Massnahmen. Wir unterst\u00fctzen Sie bei der Umsetzung sowohl mit den notwendigen technischen Mitteln als auch mit der entsprechenden Fachkompetenz<\/p>\n\n\n\n<p class=\"has-white-color has-text-color\">Unternehmen und Organisationen m\u00fcssen sicherstellen, dass personenbezogene Daten gesch\u00fctzt und sicher aufbewahrt werden. Dies schlie\u00dft die Einhaltung von Datenschutzgesetzen und -vorschriften ein, wie zum Beispiel der <a rel=\"noreferrer noopener\" href=\"http:\/\/www.admin.ch\/opc\/de\/classified-compilation\/19930159\/index.html\" target=\"_blank\">Verordnung zum Bundesgesetz \u00fcber den Datenschutz (VDSG)<\/a> oder der DSGVO.<\/p>\n\n\n\n<p class=\"has-white-color has-text-color\">Um sicherzustellen, dass der Datenschutz gew\u00e4hrleistet ist, ist eine umfassende Datenschutzstrategie erforderlich. Diese sollte die Sicherung von personenbezogenen Daten durch technische und organisatorische Ma\u00dfnahmen sowie die Schulung der Mitarbeiter umfassen. Nur so k\u00f6nnen Unternehmen und Organisationen das Vertrauen ihrer Kunden und Partner aufrechterhalten.<\/p>\n\n\n\n<p class=\"has-white-color has-text-color\">Die Einhaltung von Datenschutzgesetzen und -vorschriften ist jedoch nur ein Teil des Datenschutzes. Es ist auch wichtig, die Bedrohungen durch Cyberkriminalit\u00e4t und andere Angriffe zu ber\u00fccksichtigen. Hierbei spielt die Informationssicherheit eine wichtige Rolle, um sicherzustellen, dass Daten nicht kompromittiert werden.<\/p>\n\n\n\n<p class=\"has-white-color has-text-color\">Insgesamt ist Datenschutz ein komplexes Thema, das laufend aktualisiert und \u00fcberwacht werden muss. Unternehmen und Organisationen sollten sich der Bedeutung des Datenschutzes bewusst sein und die notwendigen Schritte unternehmen, um die Sicherheit und den Schutz personenbezogener Daten zu gew\u00e4hrleisten.<\/p>\n","protected":false},"excerpt":{"rendered":"<p>Datenschutz bedingt technische und organisatorische Massnahmen. Wir unterst\u00fctzen Sie bei der Umsetzung sowohl mit den notwendigen technischen Mitteln als auch mit der entsprechenden Fachkompetenz Unternehmen und Organisationen m\u00fcssen sicherstellen, dass personenbezogene Daten gesch\u00fctzt und sicher aufbewahrt werden. Dies schlie\u00dft die Einhaltung von Datenschutzgesetzen und -vorschriften ein, wie zum Beispiel der Verordnung zum Bundesgesetz \u00fcber den [&hellip;]<\/p>\n","protected":false},"author":1,"featured_media":0,"parent":0,"menu_order":0,"comment_status":"closed","ping_status":"closed","template":"","meta":{"footnotes":""},"class_list":["post-71","page","type-page","status-publish","hentry"],"_links":{"self":[{"href":"https:\/\/2gon.ch\/index.php?rest_route=\/wp\/v2\/pages\/71","targetHints":{"allow":["GET"]}}],"collection":[{"href":"https:\/\/2gon.ch\/index.php?rest_route=\/wp\/v2\/pages"}],"about":[{"href":"https:\/\/2gon.ch\/index.php?rest_route=\/wp\/v2\/types\/page"}],"author":[{"embeddable":true,"href":"https:\/\/2gon.ch\/index.php?rest_route=\/wp\/v2\/users\/1"}],"replies":[{"embeddable":true,"href":"https:\/\/2gon.ch\/index.php?rest_route=%2Fwp%2Fv2%2Fcomments&post=71"}],"version-history":[{"count":3,"href":"https:\/\/2gon.ch\/index.php?rest_route=\/wp\/v2\/pages\/71\/revisions"}],"predecessor-version":[{"id":221,"href":"https:\/\/2gon.ch\/index.php?rest_route=\/wp\/v2\/pages\/71\/revisions\/221"}],"wp:attachment":[{"href":"https:\/\/2gon.ch\/index.php?rest_route=%2Fwp%2Fv2%2Fmedia&parent=71"}],"curies":[{"name":"wp","href":"https:\/\/api.w.org\/{rel}","templated":true}]}}