{"id":72,"date":"2023-02-28T14:57:51","date_gmt":"2023-02-28T13:57:51","guid":{"rendered":"https:\/\/2gon.ch\/?page_id=72"},"modified":"2023-03-15T13:50:14","modified_gmt":"2023-03-15T12:50:14","slug":"datensicherheit","status":"publish","type":"page","link":"https:\/\/2gon.ch\/?page_id=72","title":{"rendered":"Datensicherheit"},"content":{"rendered":"\n<p><strong>Um die Datensicherheit gew\u00e4hrleisten zu k\u00f6nnen muss man die Gefahren kennen.<\/strong> <br><strong>Wir unterst\u00fctzen Sie dabei.<\/strong><\/p>\n\n\n\n<p class=\"has-white-color has-text-color\">Datensicherheit ist ein wesentliches Thema in der heutigen digitalen Welt. Es geht darum, Daten vor unbefugtem Zugriff, Verlust, Diebstahl oder Besch\u00e4digung zu sch\u00fctzen. Dies kann auf verschiedenen Ebenen erfolgen, wie der physischen Sicherheit von Ger\u00e4ten, der Netzwerksicherheit und der Sicherheit von Datenbanken und Anwendungen.<\/p>\n\n\n\n<p class=\"has-white-color has-text-color\">Um Datensicherheit zu gew\u00e4hrleisten, sollten Unternehmen und Organisationen eine umfassende Sicherheitsstrategie verfolgen. Dazu geh\u00f6rt auch die Schulung der Mitarbeiter im Umgang mit sensiblen Daten und m\u00f6glichen Gefahren. Denn oft sind es menschliche Fehler, die zu einem Verlust oder einer Kompromittierung von Daten f\u00fchren.<\/p>\n\n\n\n<p class=\"has-white-color has-text-color\">Mit unseren Produkten k\u00f6nnen sie ihre Mitarbeiter sowohl schulen als auch sensibilisieren und ihre IT Umgebung testen.<br>Nur wer die Gefahren kennt, kann sich auch entsprechend sch\u00fctzen.<\/p>\n","protected":false},"excerpt":{"rendered":"<p>Um die Datensicherheit gew\u00e4hrleisten zu k\u00f6nnen muss man die Gefahren kennen. Wir unterst\u00fctzen Sie dabei. Datensicherheit ist ein wesentliches Thema in der heutigen digitalen Welt. Es geht darum, Daten vor unbefugtem Zugriff, Verlust, Diebstahl oder Besch\u00e4digung zu sch\u00fctzen. Dies kann auf verschiedenen Ebenen erfolgen, wie der physischen Sicherheit von Ger\u00e4ten, der Netzwerksicherheit und der Sicherheit [&hellip;]<\/p>\n","protected":false},"author":1,"featured_media":0,"parent":0,"menu_order":0,"comment_status":"closed","ping_status":"closed","template":"","meta":{"footnotes":""},"class_list":["post-72","page","type-page","status-publish","hentry"],"_links":{"self":[{"href":"https:\/\/2gon.ch\/index.php?rest_route=\/wp\/v2\/pages\/72","targetHints":{"allow":["GET"]}}],"collection":[{"href":"https:\/\/2gon.ch\/index.php?rest_route=\/wp\/v2\/pages"}],"about":[{"href":"https:\/\/2gon.ch\/index.php?rest_route=\/wp\/v2\/types\/page"}],"author":[{"embeddable":true,"href":"https:\/\/2gon.ch\/index.php?rest_route=\/wp\/v2\/users\/1"}],"replies":[{"embeddable":true,"href":"https:\/\/2gon.ch\/index.php?rest_route=%2Fwp%2Fv2%2Fcomments&post=72"}],"version-history":[{"count":5,"href":"https:\/\/2gon.ch\/index.php?rest_route=\/wp\/v2\/pages\/72\/revisions"}],"predecessor-version":[{"id":219,"href":"https:\/\/2gon.ch\/index.php?rest_route=\/wp\/v2\/pages\/72\/revisions\/219"}],"wp:attachment":[{"href":"https:\/\/2gon.ch\/index.php?rest_route=%2Fwp%2Fv2%2Fmedia&parent=72"}],"curies":[{"name":"wp","href":"https:\/\/api.w.org\/{rel}","templated":true}]}}